{"id":1495,"date":"2026-02-13T21:12:16","date_gmt":"2026-02-13T21:12:16","guid":{"rendered":"https:\/\/seafresh.spikker.nl\/poissons-plats\/"},"modified":"2026-04-20T07:22:13","modified_gmt":"2026-04-20T07:22:13","slug":"poissons-plats","status":"publish","type":"page","link":"https:\/\/seafresh.nl\/fr\/poissons-plats\/","title":{"rendered":"Poissons plats"},"content":{"rendered":"\n<div class=\"wp-block-stackable-heading stk-block-heading stk-block-heading--v2 stk-block stk-fc4bb51\" id=\"een-onderscheidend-visschap-in-uw-supermarkt\" data-block-id=\"fc4bb51\"><style>@media screen and (max-width:689px){.stk-fc4bb51 .stk-block-heading__text{font-size:var(--stk--preset--font-size--x-large, 50px) !important;}}<\/style><h1 class=\"stk-block-heading__text has-text-align-center\">Sea Fresh \u2013 Le sp\u00e9cialiste des poissons plats<\/h1><\/div>\n\n<div class=\"wp-block-stackable-text stk-block-text stk-block stk-cf71bbf\" data-block-id=\"cf71bbf\"><style>.stk-cf71bbf {margin-bottom:50px !important;}@media screen and (max-width:689px){.stk-cf71bbf {margin-bottom:24px !important;}.stk-cf71bbf .stk-block-text__text{font-size:1rem !important;}}<\/style><p class=\"stk-block-text__text has-text-align-center\">Vous recherchez un grossiste sp\u00e9cialis\u00e9 dans la livraison de poissons plats frais ? Nous proposons des poissons plats frais, livr\u00e9s directement de la flotte de p\u00eache \u00e0 votre entreprise. Notre entreprise est situ\u00e9e \u00e0 Urk, la capitale europ\u00e9enne du poisson plat, ce qui nous garantit en permanence les poissons plats les plus frais livr\u00e9s par la flotte. Emball\u00e9s selon vos souhaits et livr\u00e9s ultra-rapidement \u00e0 votre entreprise.<\/p><\/div>\n\n<section class=\"wp-block-group alignfull border-inverted border-inverted-white is-content-justification-center is-layout-constrained wp-block-group-is-layout-constrained\" style=\"padding-top:0;padding-bottom:0\">\n<div class=\"wp-block-stackable-columns alignfull stk-block-columns stk-block stk-92f2b2d\" data-block-id=\"92f2b2d\"><style>.stk-92f2b2d {padding-top:100px !important;padding-right:var(--stk--preset--spacing--none, 0px) !important;padding-bottom:50px !important;padding-left:var(--stk--preset--spacing--none, 0px) !important;margin-bottom:0px !important;}.stk-92f2b2d-column{--stk-columns-spacing:var(--stk--preset--spacing--50, 1.5rem) !important;}@media screen and (max-width:999px){.stk-92f2b2d {--stk-col-order-1:2 !important;--stk-col-order-2:1 !important;}}@media screen and (max-width:689px){.stk-92f2b2d {padding-top:var(--stk--preset--spacing--none, 0px) !important;padding-bottom:var(--stk--preset--spacing--none, 0px) !important;margin-bottom:var(--stk--preset--spacing--none, 0px) !important;--stk-col-order-1:2 !important;--stk-col-order-2:1 !important;}}<\/style><div class=\"stk-row stk-inner-blocks stk-block-content stk-content-align stk-92f2b2d-column\">\n<div class=\"wp-block-stackable-column stk-block-column stk-column stk-block stk-a853402 stk-block-column--style-kartelrand-donkerblauw stk-block-background border border-dark-blue\" data-v=\"4\" data-block-id=\"a853402\"><style>.stk-a853402 {z-index:2 !important;}@media screen and (min-width:690px) and (max-width:999px){.stk-a853402 {flex:var(--stk-flex-grow, 1) 1 calc(100% - var(--stk-column-gap, 0px) * 0 \/ 1 ) !important;}}@media screen and (max-width:999px){.stk-a853402 {max-width:80vw !important;min-width:auto !important;margin-right:0px !important;margin-left:auto !important;transform:translateY(-20px) !important;}}@media screen and (max-width:689px){.stk-a853402-container{margin-top:var(--stk--preset--spacing--none, 0px) !important;margin-right:var(--stk--preset--spacing--none, 0px) !important;margin-bottom:var(--stk--preset--spacing--none, 0px) !important;margin-left:var(--stk--preset--spacing--none, 0px) !important;}.stk-a853402 {max-width:100vw !important;min-width:auto !important;}}<\/style><div class=\"stk-column-wrapper stk-block-column__content stk-container stk-a853402-container stk--no-background stk--no-padding\"><div class=\"stk-block-content stk-inner-blocks stk-a853402-inner-blocks\">\n<div class=\"wp-block-stackable-heading stk-block-heading stk-block-heading--v2 stk-block stk-2cf2273\" id=\"de-specialist-in-schol-en-tong\" data-block-id=\"2cf2273\"><style>.stk-2cf2273 .stk-block-heading__text{font-size:35px !important;color:var(--theme-palette-color-8, #ffffff) !important;}@media screen and (max-width:999px){.stk-2cf2273 .stk-block-heading__text{font-size:35px !important;}}@media screen and (max-width:689px){.stk-2cf2273 .stk-block-heading__text{font-size:var(--stk--preset--font-size--large, 30px) !important;}}<\/style><h3 class=\"stk-block-heading__text has-text-color\">Le sp\u00e9cialiste de la plie et de la sole<\/h3><\/div>\n\n\n\n<div class=\"wp-block-stackable-text stk-block-text stk-block stk-c502063\" data-block-id=\"c502063\"><style>.stk-c502063 .stk-block-text__text{color:var(--theme-palette-color-8, #ffffff) !important;}@media screen and (max-width:689px){.stk-c502063 .stk-block-text__text{font-size:15px !important;}}<\/style><p class=\"stk-block-text__text has-text-color\">En tant qu\u2019entreprise d\u2019Urk, nous sommes sp\u00e9cialis\u00e9s dans la fourniture d\u2019un large assortiment de poissons plats frais, notamment la plie, la sole, le turbot et d\u2019autres esp\u00e8ces. Ces esp\u00e8ces de poissons sont p\u00each\u00e9es fra\u00eeches chaque semaine en mer du Nord et livr\u00e9es par la flotte de p\u00eache n\u00e9erlandaise. Gr\u00e2ce \u00e0 nos liens avec diff\u00e9rents p\u00eacheurs et nos partenaires logistiques, nous pouvons transporter le poisson tr\u00e8s rapidement vers votre entreprise. Vous avez ainsi l\u2019assurance d\u2019obtenir des poissons plats Sea Fresh de qualit\u00e9 sup\u00e9rieure et d\u2019une fra\u00eecheur optimale.<\/p><\/div>\n<\/div><\/div><\/div>\n\n\n\n<div class=\"wp-block-stackable-column stk-block-column stk-column stk-block stk-c2e8971\" data-v=\"4\" data-block-id=\"c2e8971\"><style>@media screen and (min-width:690px) and (max-width:999px){.stk-c2e8971 {flex:var(--stk-flex-grow, 1) 1 calc(100% - var(--stk-column-gap, 0px) * 0 \/ 1 ) !important;}}@media screen and (max-width:999px){.stk-c2e8971-container{max-width:66.66vw !important;min-width:auto !important;}}@media screen and (max-width:689px){.stk-c2e8971 {max-width:66.6vw !important;min-width:auto !important;margin-right:0px !important;margin-left:auto !important;transform:translateY(40px) !important;}.stk-c2e8971-container{max-width:66.66vw !important;min-width:auto !important;margin-right:0px !important;margin-left:auto !important;}}<\/style><div class=\"stk-column-wrapper stk-block-column__content stk-container stk-c2e8971-container stk--no-background stk--no-padding\"><div class=\"stk-block-content stk-inner-blocks stk-c2e8971-inner-blocks\">\n<div class=\"wp-block-stackable-image stk-block-image stk-block stk-fa4a155\" data-block-id=\"fa4a155\"><style>.stk-fa4a155 {border-top-left-radius:var(--stk--preset--border-radius--medium, 8px) !important;border-top-right-radius:var(--stk--preset--border-radius--medium, 8px) !important;border-bottom-right-radius:var(--stk--preset--border-radius--medium, 8px) !important;border-bottom-left-radius:var(--stk--preset--border-radius--medium, 8px) !important;overflow:hidden !important;transform:scale(1.3) !important;}<\/style><figure><span class=\"stk-img-wrapper stk-image--shape-stretch\"><img loading=\"lazy\" decoding=\"async\" class=\"stk-img wp-image-1087\" src=\"https:\/\/seafresh.nl\/wp-content\/uploads\/2026\/03\/platvis.webp\" width=\"1280\" height=\"853\" srcset=\"https:\/\/seafresh.nl\/wp-content\/uploads\/2026\/03\/platvis.webp 1280w, https:\/\/seafresh.nl\/wp-content\/uploads\/2026\/03\/platvis-300x200.webp 300w, https:\/\/seafresh.nl\/wp-content\/uploads\/2026\/03\/platvis-1024x682.webp 1024w, https:\/\/seafresh.nl\/wp-content\/uploads\/2026\/03\/platvis-768x512.webp 768w\" sizes=\"auto, (max-width: 1280px) 100vw, 1280px\" \/><\/span><\/figure><\/div>\n<\/div><\/div><\/div>\n<\/div><\/div>\n<\/section>\n\n<div class=\"wp-block-stackable-heading stk-block-heading stk-block-heading--v2 stk-block stk-311f783\" id=\"interesse-in-platvis\" data-block-id=\"311f783\"><style>@media screen and (max-width:689px){.stk-311f783 .stk-block-heading__text{font-size:var(--stk--preset--font-size--large, 30px) !important;}}<\/style><h3 class=\"stk-block-heading__text has-text-align-center\">Int\u00e9ress\u00e9 par les poissons plats ?<\/h3><\/div>\n\n<div class=\"wp-block-stackable-text stk-block-text stk-block stk-e1c036c\" data-block-id=\"e1c036c\"><style>@media screen and (max-width:689px){.stk-e1c036c {margin-bottom:24px !important;}}<\/style><p class=\"stk-block-text__text has-text-align-center\">Int\u00e9ress\u00e9 par la plie ou d\u2019autres produits de poissons plats ? <br\/>Veuillez contacter notre service commercial. Vous pouvez nous joindre par t\u00e9l\u00e9phone au <a href=\"tel:310527687239\">+31 (0)527 687239<\/a> ou par e-mail \u00e0 l\u2019adresse <a href=\"mailto:sales@seafresh.nl\" data-type=\"mailto\" data-id=\"mailto:sales@seafresh.nl\">sales@seafresh.nl<\/a>.<\/p><\/div>\n","protected":false},"excerpt":{"rendered":"<p>Sea Fresh \u2013 Le sp\u00e9cialiste des poissons plats Vous recherchez un grossiste sp\u00e9cialis\u00e9 dans la livraison de poissons plats frais ? Nous proposons des poissons plats frais, livr\u00e9s directement de la flotte de p\u00eache \u00e0 votre entreprise. Notre entreprise est situ\u00e9e \u00e0 Urk, la capitale europ\u00e9enne du poisson plat, ce qui nous garantit en permanence [&hellip;]<\/p>\n","protected":false},"author":1,"featured_media":1496,"parent":0,"menu_order":0,"comment_status":"closed","ping_status":"closed","template":"","meta":{"_acf_changed":false,"footnotes":""},"class_list":["post-1495","page","type-page","status-publish","has-post-thumbnail","hentry"],"blocksy_meta":[],"acf":[],"_links":{"self":[{"href":"https:\/\/seafresh.nl\/fr\/wp-json\/wp\/v2\/pages\/1495","targetHints":{"allow":["GET"]}}],"collection":[{"href":"https:\/\/seafresh.nl\/fr\/wp-json\/wp\/v2\/pages"}],"about":[{"href":"https:\/\/seafresh.nl\/fr\/wp-json\/wp\/v2\/types\/page"}],"author":[{"embeddable":true,"href":"https:\/\/seafresh.nl\/fr\/wp-json\/wp\/v2\/users\/1"}],"replies":[{"embeddable":true,"href":"https:\/\/seafresh.nl\/fr\/wp-json\/wp\/v2\/comments?post=1495"}],"version-history":[{"count":2,"href":"https:\/\/seafresh.nl\/fr\/wp-json\/wp\/v2\/pages\/1495\/revisions"}],"predecessor-version":[{"id":1498,"href":"https:\/\/seafresh.nl\/fr\/wp-json\/wp\/v2\/pages\/1495\/revisions\/1498"}],"wp:featuredmedia":[{"embeddable":true,"href":"https:\/\/seafresh.nl\/fr\/wp-json\/wp\/v2\/media\/1496"}],"wp:attachment":[{"href":"https:\/\/seafresh.nl\/fr\/wp-json\/wp\/v2\/media?parent=1495"}],"curies":[{"name":"wp","href":"https:\/\/api.w.org\/{rel}","templated":true}]}}