{"id":1737,"date":"2025-10-06T09:20:46","date_gmt":"2025-10-06T09:20:46","guid":{"rendered":"https:\/\/seafresh.spikker.nl\/datenschutzerklaerung\/"},"modified":"2026-04-20T07:25:24","modified_gmt":"2026-04-20T07:25:24","slug":"datenschutzerklaerung","status":"publish","type":"page","link":"https:\/\/seafresh.nl\/de\/datenschutzerklaerung\/","title":{"rendered":"Datenschutzerkl\u00e4rung"},"content":{"rendered":"\n<h2 class=\"wp-block-heading\">Wer wir sind<\/h2>\n\n<p><strong class=\"privacy-policy-tutorial\">Vorgeschlagener Text: <\/strong>Unsere Website-Adresse lautet: https:\/\/seafresh.nl.<\/p>\n\n<h2 class=\"wp-block-heading\">Kommentare<\/h2>\n\n<p><strong class=\"privacy-policy-tutorial\">Vorgeschlagener Text: <\/strong>Wenn Besucher Kommentare auf der Website hinterlassen, sammeln wir die Daten, die im Kommentarformular angezeigt werden, sowie die IP-Adresse des Besuchers und den User-Agent-String des Browsers, um die Erkennung von Spam zu unterst\u00fctzen.<\/p>\n\n<p>Eine anonymisierte Zeichenfolge, die aus Ihrer E-Mail-Adresse erstellt wurde (auch Hash genannt), kann an den Gravatar-Dienst gesendet werden, falls Sie diesen verwenden. Die Datenschutzerkl\u00e4rung des Gravatar-Dienstes finden Sie hier: https:\/\/automattic.com\/privacy\/. Nachdem Ihr Kommentar freigegeben wurde, ist Ihr Profilbild \u00f6ffentlich im Kontext Ihres Kommentars sichtbar.<\/p>\n\n<h2 class=\"wp-block-heading\">Medien<\/h2>\n\n<p><strong class=\"privacy-policy-tutorial\">Vorgeschlagener Text: <\/strong>Wenn Sie Bilder auf die Website hochladen, sollten Sie es vermeiden, Bilder mit eingebetteten Standortdaten (EXIF-GPS) hochzuladen. Besucher der Website k\u00f6nnen alle Standortdaten von Bildern auf der Website herunterladen und extrahieren.<\/p>\n\n<h2 class=\"wp-block-heading\">Cookies<\/h2>\n\n<p><strong class=\"privacy-policy-tutorial\">Vorgeschlagener Text: <\/strong>Wenn Sie einen Kommentar auf unserer Website hinterlassen, k\u00f6nnen Sie w\u00e4hlen, ob Ihr Name, Ihre E-Mail-Adresse und Ihre Website in einem Cookie gespeichert werden sollen. Dies dient Ihrer Bequemlichkeit, damit Sie diese Daten nicht erneut eingeben m\u00fcssen, wenn Sie einen weiteren Kommentar hinterlassen. Diese Cookies sind ein Jahr lang g\u00fcltig.<\/p>\n\n<p>Falls Sie unsere Login-Seite besuchen, setzen wir ein tempor\u00e4res Cookie, um festzustellen, ob Ihr Browser Cookies akzeptiert. Dieses Cookie enth\u00e4lt keine personenbezogenen Daten und wird gel\u00f6scht, sobald Sie Ihren Browser schlie\u00dfen.<\/p>\n\n<p>Wenn Sie sich anmelden, werden wir auch einige Cookies setzen, um Ihre Login-Informationen und Ihre Anzeigeoptionen zu speichern. Login-Cookies sind zwei Tage lang g\u00fcltig und Cookies f\u00fcr die Anzeigeoptionen ein Jahr lang. Wenn Sie \u201eAngemeldet bleiben\u201c ausw\u00e4hlen, bleibt Ihr Login zwei Wochen lang erhalten. Wenn Sie sich aus Ihrem Konto abmelden, werden die Login-Cookies gel\u00f6scht.<\/p>\n\n<p>Wenn Sie einen Beitrag bearbeiten oder ver\u00f6ffentlichen, wird ein zus\u00e4tzliches Cookie in Ihrem Browser gespeichert. Dieses Cookie enth\u00e4lt keine personenbezogenen Daten und weist lediglich die Beitrags-ID des Artikels auf, den Sie gerade bearbeitet haben. Dieses Cookie l\u00e4uft nach einem Tag ab.<\/p>\n\n<h2 class=\"wp-block-heading\">Eingebettete Inhalte von anderen Websites<\/h2>\n\n<p><strong class=\"privacy-policy-tutorial\">Vorgeschlagener Text: <\/strong>Beitr\u00e4ge auf dieser Website k\u00f6nnen eingebettete Inhalte enthalten (z. B. Videos, Bilder, Beitr\u00e4ge usw.). Eingebettete Inhalte von anderen Websites verhalten sich exakt so, als ob der Besucher die andere Website besucht h\u00e4tte.<\/p>\n\n<p>Diese Websites k\u00f6nnen Daten \u00fcber Sie sammeln, Cookies verwenden, zus\u00e4tzliche Tracking-Dienste von Drittanbietern einbetten und Ihre Interaktion mit diesen eingebetteten Inhalten \u00fcberwachen, einschlie\u00dflich der Aufzeichnung Ihrer Interaktion mit den eingebetteten Inhalten, wenn Sie ein Konto haben und auf dieser Website angemeldet sind.<\/p>\n\n<h2 class=\"wp-block-heading\">Mit wem wir Ihre Daten teilen<\/h2>\n\n<p><strong class=\"privacy-policy-tutorial\">Vorgeschlagener Text: <\/strong>Wenn Sie eine Passwort-Zur\u00fccksetzung anfordern, wird Ihre IP-Adresse in der E-Mail zur Zur\u00fccksetzung enthalten sein.<\/p>\n\n<h2 class=\"wp-block-heading\">Wie lange wir Ihre Daten speichern<\/h2>\n\n<p><strong class=\"privacy-policy-tutorial\">Vorgeschlagener Text: <\/strong>Wenn Sie einen Kommentar hinterlassen, werden dieser Kommentar und seine Metadaten zeitlich unbegrenzt gespeichert. Auf diese Weise k\u00f6nnen wir Folgekommentare automatisch erkennen und freigeben, anstatt sie in einer Moderations-Warteschlange festzuhalten.<\/p>\n\n<p>F\u00fcr Benutzer, die sich auf unserer Website registrieren (falls vorhanden), speichern wir auch die pers\u00f6nlichen Informationen, die sie in ihrem Benutzerprofil angeben. Alle Benutzer k\u00f6nnen jederzeit ihre pers\u00f6nlichen Informationen einsehen, bearbeiten oder l\u00f6schen (mit Ausnahme des Benutzernamens, der nicht ge\u00e4ndert werden kann). Website-Administratoren k\u00f6nnen diese Informationen ebenfalls einsehen und bearbeiten.<\/p>\n\n<h2 class=\"wp-block-heading\">Welche Rechte Sie an Ihren Daten haben<\/h2>\n\n<p><strong class=\"privacy-policy-tutorial\">Vorgeschlagener Text: <\/strong>Wenn Sie ein Konto auf dieser Website besitzen oder Kommentare hinterlassen haben, k\u00f6nnen Sie einen Export Ihrer personenbezogenen Daten bei uns anfordern, einschlie\u00dflich aller Daten, die Sie uns mitgeteilt haben. Sie k\u00f6nnen auch die L\u00f6schung aller personenbezogenen Daten anfordern, die wir \u00fcber Sie gespeichert haben. Dies schlie\u00dft keine Daten ein, die wir aufgrund administrativer, rechtlicher oder sicherheitsrelevanter Notwendigkeiten aufbewahren m\u00fcssen.<\/p>\n\n<h2 class=\"wp-block-heading\">Wohin Ihre Daten gesendet werden<\/h2>\n\n<p><strong class=\"privacy-policy-tutorial\">Vorgeschlagener Text: <\/strong>Besucher-Kommentare k\u00f6nnten von einem automatisierten Dienst zur Spam-Erkennung untersucht werden.<\/p>\n","protected":false},"excerpt":{"rendered":"<p>Wer wir sind Vorgeschlagener Text: Unsere Website-Adresse lautet: https:\/\/seafresh.nl. Kommentare Vorgeschlagener Text: Wenn Besucher Kommentare auf der Website hinterlassen, sammeln wir die Daten, die im Kommentarformular angezeigt werden, sowie die IP-Adresse des Besuchers und den User-Agent-String des Browsers, um die Erkennung von Spam zu unterst\u00fctzen. Eine anonymisierte Zeichenfolge, die aus Ihrer E-Mail-Adresse erstellt wurde (auch [&hellip;]<\/p>\n","protected":false},"author":1,"featured_media":0,"parent":0,"menu_order":0,"comment_status":"closed","ping_status":"closed","template":"","meta":{"_acf_changed":false,"footnotes":""},"class_list":["post-1737","page","type-page","status-publish","hentry"],"blocksy_meta":[],"acf":[],"yoast_head":"<!-- This site is optimized with the Yoast SEO plugin v27.4 - https:\/\/yoast.com\/product\/yoast-seo-wordpress\/ -->\n<title>Datenschutzerkl\u00e4rung - Sea Fresh<\/title>\n<meta name=\"robots\" content=\"index, follow, max-snippet:-1, max-image-preview:large, max-video-preview:-1\" \/>\n<link rel=\"canonical\" href=\"https:\/\/seafresh.nl\/de\/datenschutzerklaerung\/\" \/>\n<meta property=\"og:locale\" content=\"de_DE\" \/>\n<meta property=\"og:type\" content=\"article\" \/>\n<meta property=\"og:title\" content=\"Datenschutzerkl\u00e4rung - Sea Fresh\" \/>\n<meta property=\"og:description\" content=\"Wer wir sind Vorgeschlagener Text: Unsere Website-Adresse lautet: https:\/\/seafresh.nl. Kommentare Vorgeschlagener Text: Wenn Besucher Kommentare auf der Website hinterlassen, sammeln wir die Daten, die im Kommentarformular angezeigt werden, sowie die IP-Adresse des Besuchers und den User-Agent-String des Browsers, um die Erkennung von Spam zu unterst\u00fctzen. Eine anonymisierte Zeichenfolge, die aus Ihrer E-Mail-Adresse erstellt wurde (auch [&hellip;]\" \/>\n<meta property=\"og:url\" content=\"https:\/\/seafresh.nl\/de\/datenschutzerklaerung\/\" \/>\n<meta property=\"og:site_name\" content=\"Sea Fresh\" \/>\n<meta property=\"article:publisher\" content=\"https:\/\/www.facebook.com\/SeaFreshBV\/\" \/>\n<meta property=\"article:modified_time\" content=\"2026-04-20T07:25:24+00:00\" \/>\n<meta name=\"twitter:card\" content=\"summary_large_image\" \/>\n<meta name=\"twitter:label1\" content=\"Gesch\u00e4tzte Lesezeit\" \/>\n\t<meta name=\"twitter:data1\" content=\"3\u00a0Minuten\" \/>\n<script type=\"application\/ld+json\" class=\"yoast-schema-graph\">{\"@context\":\"https:\\\/\\\/schema.org\",\"@graph\":[{\"@type\":\"WebPage\",\"@id\":\"https:\\\/\\\/seafresh.nl\\\/de\\\/datenschutzerklaerung\\\/\",\"url\":\"https:\\\/\\\/seafresh.nl\\\/de\\\/datenschutzerklaerung\\\/\",\"name\":\"Datenschutzerkl\u00e4rung - Sea Fresh\",\"isPartOf\":{\"@id\":\"https:\\\/\\\/seafresh.nl\\\/de\\\/#website\"},\"datePublished\":\"2025-10-06T09:20:46+00:00\",\"dateModified\":\"2026-04-20T07:25:24+00:00\",\"breadcrumb\":{\"@id\":\"https:\\\/\\\/seafresh.nl\\\/de\\\/datenschutzerklaerung\\\/#breadcrumb\"},\"inLanguage\":\"de\",\"potentialAction\":[{\"@type\":\"ReadAction\",\"target\":[\"https:\\\/\\\/seafresh.nl\\\/de\\\/datenschutzerklaerung\\\/\"]}]},{\"@type\":\"BreadcrumbList\",\"@id\":\"https:\\\/\\\/seafresh.nl\\\/de\\\/datenschutzerklaerung\\\/#breadcrumb\",\"itemListElement\":[{\"@type\":\"ListItem\",\"position\":1,\"name\":\"Home\",\"item\":\"https:\\\/\\\/seafresh.nl\\\/de\\\/\"},{\"@type\":\"ListItem\",\"position\":2,\"name\":\"Datenschutzerkl\u00e4rung\"}]},{\"@type\":\"WebSite\",\"@id\":\"https:\\\/\\\/seafresh.nl\\\/de\\\/#website\",\"url\":\"https:\\\/\\\/seafresh.nl\\\/de\\\/\",\"name\":\"Sea Fresh\",\"description\":\"\",\"publisher\":{\"@id\":\"https:\\\/\\\/seafresh.nl\\\/de\\\/#organization\"},\"potentialAction\":[{\"@type\":\"SearchAction\",\"target\":{\"@type\":\"EntryPoint\",\"urlTemplate\":\"https:\\\/\\\/seafresh.nl\\\/de\\\/?s={search_term_string}\"},\"query-input\":{\"@type\":\"PropertyValueSpecification\",\"valueRequired\":true,\"valueName\":\"search_term_string\"}}],\"inLanguage\":\"de\"},{\"@type\":\"Organization\",\"@id\":\"https:\\\/\\\/seafresh.nl\\\/de\\\/#organization\",\"name\":\"Sea Fresh\",\"url\":\"https:\\\/\\\/seafresh.nl\\\/de\\\/\",\"logo\":{\"@type\":\"ImageObject\",\"inLanguage\":\"de\",\"@id\":\"https:\\\/\\\/seafresh.nl\\\/de\\\/#\\\/schema\\\/logo\\\/image\\\/\",\"url\":\"https:\\\/\\\/seafresh.nl\\\/wp-content\\\/uploads\\\/2025\\\/10\\\/logo.svg\",\"contentUrl\":\"https:\\\/\\\/seafresh.nl\\\/wp-content\\\/uploads\\\/2025\\\/10\\\/logo.svg\",\"width\":117,\"height\":122,\"caption\":\"Sea Fresh\"},\"image\":{\"@id\":\"https:\\\/\\\/seafresh.nl\\\/de\\\/#\\\/schema\\\/logo\\\/image\\\/\"},\"sameAs\":[\"https:\\\/\\\/www.facebook.com\\\/SeaFreshBV\\\/\",\"https:\\\/\\\/www.instagram.com\\\/seafreshurk\\\/\",\"https:\\\/\\\/linkedin.com\\\/company\\\/sea-fresh-b-v-\"]}]}<\/script>\n<!-- \/ Yoast SEO plugin. -->","yoast_head_json":{"title":"Datenschutzerkl\u00e4rung - Sea Fresh","robots":{"index":"index","follow":"follow","max-snippet":"max-snippet:-1","max-image-preview":"max-image-preview:large","max-video-preview":"max-video-preview:-1"},"canonical":"https:\/\/seafresh.nl\/de\/datenschutzerklaerung\/","og_locale":"de_DE","og_type":"article","og_title":"Datenschutzerkl\u00e4rung - Sea Fresh","og_description":"Wer wir sind Vorgeschlagener Text: Unsere Website-Adresse lautet: https:\/\/seafresh.nl. Kommentare Vorgeschlagener Text: Wenn Besucher Kommentare auf der Website hinterlassen, sammeln wir die Daten, die im Kommentarformular angezeigt werden, sowie die IP-Adresse des Besuchers und den User-Agent-String des Browsers, um die Erkennung von Spam zu unterst\u00fctzen. Eine anonymisierte Zeichenfolge, die aus Ihrer E-Mail-Adresse erstellt wurde (auch [&hellip;]","og_url":"https:\/\/seafresh.nl\/de\/datenschutzerklaerung\/","og_site_name":"Sea Fresh","article_publisher":"https:\/\/www.facebook.com\/SeaFreshBV\/","article_modified_time":"2026-04-20T07:25:24+00:00","twitter_card":"summary_large_image","twitter_misc":{"Gesch\u00e4tzte Lesezeit":"3\u00a0Minuten"},"schema":{"@context":"https:\/\/schema.org","@graph":[{"@type":"WebPage","@id":"https:\/\/seafresh.nl\/de\/datenschutzerklaerung\/","url":"https:\/\/seafresh.nl\/de\/datenschutzerklaerung\/","name":"Datenschutzerkl\u00e4rung - Sea Fresh","isPartOf":{"@id":"https:\/\/seafresh.nl\/de\/#website"},"datePublished":"2025-10-06T09:20:46+00:00","dateModified":"2026-04-20T07:25:24+00:00","breadcrumb":{"@id":"https:\/\/seafresh.nl\/de\/datenschutzerklaerung\/#breadcrumb"},"inLanguage":"de","potentialAction":[{"@type":"ReadAction","target":["https:\/\/seafresh.nl\/de\/datenschutzerklaerung\/"]}]},{"@type":"BreadcrumbList","@id":"https:\/\/seafresh.nl\/de\/datenschutzerklaerung\/#breadcrumb","itemListElement":[{"@type":"ListItem","position":1,"name":"Home","item":"https:\/\/seafresh.nl\/de\/"},{"@type":"ListItem","position":2,"name":"Datenschutzerkl\u00e4rung"}]},{"@type":"WebSite","@id":"https:\/\/seafresh.nl\/de\/#website","url":"https:\/\/seafresh.nl\/de\/","name":"Sea Fresh","description":"","publisher":{"@id":"https:\/\/seafresh.nl\/de\/#organization"},"potentialAction":[{"@type":"SearchAction","target":{"@type":"EntryPoint","urlTemplate":"https:\/\/seafresh.nl\/de\/?s={search_term_string}"},"query-input":{"@type":"PropertyValueSpecification","valueRequired":true,"valueName":"search_term_string"}}],"inLanguage":"de"},{"@type":"Organization","@id":"https:\/\/seafresh.nl\/de\/#organization","name":"Sea Fresh","url":"https:\/\/seafresh.nl\/de\/","logo":{"@type":"ImageObject","inLanguage":"de","@id":"https:\/\/seafresh.nl\/de\/#\/schema\/logo\/image\/","url":"https:\/\/seafresh.nl\/wp-content\/uploads\/2025\/10\/logo.svg","contentUrl":"https:\/\/seafresh.nl\/wp-content\/uploads\/2025\/10\/logo.svg","width":117,"height":122,"caption":"Sea Fresh"},"image":{"@id":"https:\/\/seafresh.nl\/de\/#\/schema\/logo\/image\/"},"sameAs":["https:\/\/www.facebook.com\/SeaFreshBV\/","https:\/\/www.instagram.com\/seafreshurk\/","https:\/\/linkedin.com\/company\/sea-fresh-b-v-"]}]}},"_links":{"self":[{"href":"https:\/\/seafresh.nl\/de\/wp-json\/wp\/v2\/pages\/1737","targetHints":{"allow":["GET"]}}],"collection":[{"href":"https:\/\/seafresh.nl\/de\/wp-json\/wp\/v2\/pages"}],"about":[{"href":"https:\/\/seafresh.nl\/de\/wp-json\/wp\/v2\/types\/page"}],"author":[{"embeddable":true,"href":"https:\/\/seafresh.nl\/de\/wp-json\/wp\/v2\/users\/1"}],"replies":[{"embeddable":true,"href":"https:\/\/seafresh.nl\/de\/wp-json\/wp\/v2\/comments?post=1737"}],"version-history":[{"count":1,"href":"https:\/\/seafresh.nl\/de\/wp-json\/wp\/v2\/pages\/1737\/revisions"}],"predecessor-version":[{"id":1738,"href":"https:\/\/seafresh.nl\/de\/wp-json\/wp\/v2\/pages\/1737\/revisions\/1738"}],"wp:attachment":[{"href":"https:\/\/seafresh.nl\/de\/wp-json\/wp\/v2\/media?parent=1737"}],"curies":[{"name":"wp","href":"https:\/\/api.w.org\/{rel}","templated":true}]}}